{"id":12,"date":"2018-06-17T14:59:22","date_gmt":"2018-06-17T14:59:22","guid":{"rendered":"http:\/\/wp.jaegerverein-safien.ch\/?page_id=12"},"modified":"2020-02-03T20:03:58","modified_gmt":"2020-02-03T20:03:58","slug":"verein","status":"publish","type":"page","link":"http:\/\/jaegerverein-safien.ch\/?page_id=12","title":{"rendered":"Verein"},"content":{"rendered":"\n<figure class=\"wp-block-gallery columns-2 is-cropped wp-block-gallery-1 is-layout-flex wp-block-gallery-is-layout-flex\"><ul class=\"blocks-gallery-grid\"><li class=\"blocks-gallery-item\"><figure><img loading=\"lazy\" decoding=\"async\" width=\"800\" height=\"595\" src=\"http:\/\/jaegerverein-safien.ch\/wp-content\/uploads\/2018\/07\/0013_4142.jpg\" alt=\"\" data-id=\"463\" data-full-url=\"http:\/\/jaegerverein-safien.ch\/wp-content\/uploads\/2018\/07\/0013_4142.jpg\" data-link=\"http:\/\/jaegerverein-safien.ch\/?attachment_id=463\" class=\"wp-image-463\" srcset=\"http:\/\/jaegerverein-safien.ch\/wp-content\/uploads\/2018\/07\/0013_4142.jpg 800w, http:\/\/jaegerverein-safien.ch\/wp-content\/uploads\/2018\/07\/0013_4142-300x223.jpg 300w, http:\/\/jaegerverein-safien.ch\/wp-content\/uploads\/2018\/07\/0013_4142-768x571.jpg 768w, http:\/\/jaegerverein-safien.ch\/wp-content\/uploads\/2018\/07\/0013_4142-600x446.jpg 600w\" sizes=\"auto, (max-width: 767px) 89vw, (max-width: 1000px) 54vw, (max-width: 1071px) 543px, 580px\" \/><\/figure><\/li><li class=\"blocks-gallery-item\"><figure><img loading=\"lazy\" decoding=\"async\" width=\"800\" height=\"579\" src=\"http:\/\/jaegerverein-safien.ch\/wp-content\/uploads\/2018\/07\/0010_4139.jpg\" alt=\"\" data-id=\"460\" data-full-url=\"http:\/\/jaegerverein-safien.ch\/wp-content\/uploads\/2018\/07\/0010_4139.jpg\" data-link=\"http:\/\/jaegerverein-safien.ch\/?attachment_id=460\" class=\"wp-image-460\" srcset=\"http:\/\/jaegerverein-safien.ch\/wp-content\/uploads\/2018\/07\/0010_4139.jpg 800w, http:\/\/jaegerverein-safien.ch\/wp-content\/uploads\/2018\/07\/0010_4139-300x217.jpg 300w, http:\/\/jaegerverein-safien.ch\/wp-content\/uploads\/2018\/07\/0010_4139-768x556.jpg 768w, http:\/\/jaegerverein-safien.ch\/wp-content\/uploads\/2018\/07\/0010_4139-600x434.jpg 600w\" sizes=\"auto, (max-width: 767px) 89vw, (max-width: 1000px) 54vw, (max-width: 1071px) 543px, 580px\" \/><\/figure><\/li><li class=\"blocks-gallery-item\"><figure><img loading=\"lazy\" decoding=\"async\" width=\"800\" height=\"581\" src=\"http:\/\/jaegerverein-safien.ch\/wp-content\/uploads\/2018\/07\/0008_50.jpg\" alt=\"\" data-id=\"458\" data-full-url=\"http:\/\/jaegerverein-safien.ch\/wp-content\/uploads\/2018\/07\/0008_50.jpg\" data-link=\"http:\/\/jaegerverein-safien.ch\/?attachment_id=458\" class=\"wp-image-458\" srcset=\"http:\/\/jaegerverein-safien.ch\/wp-content\/uploads\/2018\/07\/0008_50.jpg 800w, http:\/\/jaegerverein-safien.ch\/wp-content\/uploads\/2018\/07\/0008_50-300x218.jpg 300w, http:\/\/jaegerverein-safien.ch\/wp-content\/uploads\/2018\/07\/0008_50-768x558.jpg 768w, http:\/\/jaegerverein-safien.ch\/wp-content\/uploads\/2018\/07\/0008_50-600x436.jpg 600w\" sizes=\"auto, (max-width: 767px) 89vw, (max-width: 1000px) 54vw, (max-width: 1071px) 543px, 580px\" \/><\/figure><\/li><li class=\"blocks-gallery-item\"><figure><img loading=\"lazy\" decoding=\"async\" width=\"800\" height=\"579\" src=\"http:\/\/jaegerverein-safien.ch\/wp-content\/uploads\/2018\/07\/0011_.jpg\" alt=\"\" data-id=\"461\" data-full-url=\"http:\/\/jaegerverein-safien.ch\/wp-content\/uploads\/2018\/07\/0011_.jpg\" data-link=\"http:\/\/jaegerverein-safien.ch\/?attachment_id=461\" class=\"wp-image-461\" srcset=\"http:\/\/jaegerverein-safien.ch\/wp-content\/uploads\/2018\/07\/0011_.jpg 800w, http:\/\/jaegerverein-safien.ch\/wp-content\/uploads\/2018\/07\/0011_-300x217.jpg 300w, http:\/\/jaegerverein-safien.ch\/wp-content\/uploads\/2018\/07\/0011_-768x556.jpg 768w, http:\/\/jaegerverein-safien.ch\/wp-content\/uploads\/2018\/07\/0011_-600x434.jpg 600w\" sizes=\"auto, (max-width: 767px) 89vw, (max-width: 1000px) 54vw, (max-width: 1071px) 543px, 580px\" \/><\/figure><\/li><\/ul><\/figure>\n\n\n\n<p>Unser J\u00e4gerverein in Safien wurde im Dezember 1930 ins Leben gerufen und ist 1931 dem BKPJV beigetreten.<\/p>\n\n\n\n<p>Bereits zu Beginn war die Sorge um den Wildbestand die Triebfeder, einen Verein zu gr\u00fcnden. Er hatte das Wohl des Wildes und der Jagd zum Ziel. In den letzten 86 Jahren hat der J\u00e4gerverein Safien die Jagd in Graub\u00fcnden immer aktiv mitgestaltet. Das Gamskonzept 90 wurde im Safiental ins Leben gerufen. Auch an den Anpassungen dieses Konzepts haben die Safier J\u00e4ger immer wieder mitgewirkt. Mit einem umfassenden Hegekonzept zur Erhaltung des Landschaftsbildes und der Wild\u00e4sungsfl\u00e4chen betreiben die Heger aktive Biotophege und Umweltschutz.<\/p>\n\n\n\n<p>Der J\u00e4gerverein Safien betreibt gemeinsam mit dem J\u00e4gerverein Versam eine moderne Jagdschiessanlage Islabord in Versam, welche 4x100m Scheiben mit elektronischer Schussanzeige und eine Kipphasenanlage umfasst. Ein gem\u00fctliches und stets sehr gutes Beizli rundet das Angebot ab.<\/p>\n\n\n\n<p>Auch wenn der J\u00e4gerverein Safien einer der kleineren Vereine des BKPJV ist, findet ein aktives Vereinsleben statt.<\/p>\n\n\n\n<p>Folgende 23 J\u00e4ger waren an der Gr\u00fcndung beteiligt. Sie sind&nbsp; inzwischen leider alle verstorben:<\/p>\n\n\n\n<p>Thomas Hunger \u00e4lt., Safien-Neukirch<br>Leonhard Hunger, Safien-Bruschgaleschg<br>Juli Buchli \u00e4lt., Safien-Zal\u00f6n<br>Simon Buchli, Safien-Zal\u00f6n<br>Christian Juon, Safien-Thal<br>Sebastian Gander, Safien-Thal<br>Jeremias Gredig, Tenna<br>Christian Gartmann, Safien-Mura<br>Kaspar Derungs, Safien-Platz<br>Christian Buchli, Safien-G\u00fcn<br>Joh. Peter Gredig, Safien-Platz<br>Christian Gander, Safien-Thal<br>Andreas Buchli, Glas<br>Fridolin Buchli, Safien-Zal\u00f6n<br>Moritz Buchli, Safien-Egschi<br>Juli Buchli jgr., Safien-Zal\u00f6n<br>J. Ulr. Tischhauser, Safien-Neukirch<br>Hans Waldburger, Safien-Thal<br>Thomas Hunger jgr., Safien-Neukirch<br>Philipp Tester, Safien-Camana<br>Anton Juon, Safien-Hof<br>Peter Blumer, Safien-Camana<br>Luzi Gartmann, Safien-Platz<\/p>\n\n\n\n<p>Der Jahresbeitrag betrug damals Fr. 6.00 pro Mitglied, wovon Fr. 4.50 f\u00fcr den BKPJV bestimmt waren. Damit der Verein seine Ausgaben decken konnte, f\u00fchrte man 1932 Abschussgeb\u00fchren ein, die je nach Anzahl und Art des erlegten Wildes festgelegt wurden. Die erfolgreichsten J\u00e4ger bezahlten so zus\u00e4tzlich bis zu 6 Franken in die Vereinskasse.<\/p>\n\n\n\n<p>Mitgliederzahl seit 1931<\/p>\n\n\n\n<p>(A-Mitglieder)<br>1931&nbsp; &nbsp; &nbsp; &nbsp;23<br>1940&nbsp; &nbsp; &nbsp; 22<br>1950&nbsp; &nbsp; &nbsp; 33<br>1960&nbsp; &nbsp; &nbsp; 40<br>1970&nbsp; &nbsp; &nbsp; 47<br>1980&nbsp; &nbsp; &nbsp; 68<br>1990&nbsp; &nbsp; &nbsp; 68<br>2000&nbsp; &nbsp; &nbsp;63<br>2006&nbsp; &nbsp; &nbsp;62<\/p>\n\n\n\n<p><strong>aktuell<\/strong>&nbsp; 78<\/p>\n\n\n\n<p>Pr\u00e4sidenten seit der Gr\u00fcndung (Aus den Protokollen der Generalversammlungen)<\/p>\n\n\n\n<p>1931 \u2013 1933&nbsp; &nbsp; Simon Buchli, Zal\u00f6n<br>1933 \u2013 1936&nbsp; &nbsp;Julius Buchli j\u00fcnger, Zal\u00f6n<br>1936 \u2013 1938&nbsp; &nbsp;Hans Waldburger, Thalkirch<br>1938 \u2013 1942&nbsp; &nbsp;Alexander Juon, Camana<br>1942 \u2013 1944&nbsp; &nbsp;Julius Buchli j\u00fcnger, Zal\u00f6n<br>1944 \u2013 1947&nbsp; &nbsp;Fridolin Buchli, Neukirch<br>1947 \u2013 1949&nbsp; &nbsp;Erwin Buchli, Egschi<br>1949 \u2013 1956&nbsp; &nbsp;Ernst Buchli, Platz<br>1956 \u2013 1958&nbsp; &nbsp;Johann Peter Buchli, Zal\u00f6n<br>1958 \u2013 1960&nbsp; &nbsp;Karl Gartmann, Mura<br>1960 \u2013 1961&nbsp; &nbsp; Christian Hunger, Camana<br>1961 \u2013 1963&nbsp; &nbsp; Willi Majer, Platz<br>1963 \u2013 1965&nbsp; &nbsp;Fidel Buchli, Egschi<br>1965 \u2013 1969&nbsp; &nbsp;Arthur Buchli, G\u00fcn<br>1969 \u2013 1981&nbsp; &nbsp; Christian Messmer, Tenna<br>1981 \u2013 1993&nbsp; &nbsp; Bruno Derungs, Zizers<br>1993 \u2013 1999&nbsp; &nbsp;Markus Messmer, Felsberg<br>1999 \u2013 2005&nbsp; Peter Vonow, Passugg<br>2005 \u2013 2019&nbsp; Johannes Casutt, Tenna<\/p>\n\n\n\n<p><strong>aktuell&nbsp; &nbsp; &nbsp; &nbsp; &nbsp; &nbsp; &nbsp; &nbsp;<\/strong>Frank Messmer, Felsberg<\/p>\n","protected":false},"excerpt":{"rendered":"<p>Unser J\u00e4gerverein in Safien wurde im Dezember 1930 ins Leben gerufen und ist 1931 dem BKPJV beigetreten. Bereits zu Beginn war die Sorge um den Wildbestand die Triebfeder, einen Verein zu gr\u00fcnden. Er hatte das Wohl des Wildes und der Jagd zum Ziel. In den letzten 86 Jahren hat der J\u00e4gerverein Safien die Jagd in &hellip; <\/p>\n<p class=\"link-more\"><a href=\"http:\/\/jaegerverein-safien.ch\/?page_id=12\" class=\"more-link\"><span class=\"screen-reader-text\">\u201eVerein\u201c<\/span> weiterlesen<\/a><\/p>\n","protected":false},"author":2,"featured_media":0,"parent":0,"menu_order":0,"comment_status":"closed","ping_status":"closed","template":"","meta":{"footnotes":""},"class_list":["post-12","page","type-page","status-publish","hentry"],"_links":{"self":[{"href":"http:\/\/jaegerverein-safien.ch\/index.php?rest_route=\/wp\/v2\/pages\/12","targetHints":{"allow":["GET"]}}],"collection":[{"href":"http:\/\/jaegerverein-safien.ch\/index.php?rest_route=\/wp\/v2\/pages"}],"about":[{"href":"http:\/\/jaegerverein-safien.ch\/index.php?rest_route=\/wp\/v2\/types\/page"}],"author":[{"embeddable":true,"href":"http:\/\/jaegerverein-safien.ch\/index.php?rest_route=\/wp\/v2\/users\/2"}],"replies":[{"embeddable":true,"href":"http:\/\/jaegerverein-safien.ch\/index.php?rest_route=%2Fwp%2Fv2%2Fcomments&post=12"}],"version-history":[{"count":11,"href":"http:\/\/jaegerverein-safien.ch\/index.php?rest_route=\/wp\/v2\/pages\/12\/revisions"}],"predecessor-version":[{"id":2415,"href":"http:\/\/jaegerverein-safien.ch\/index.php?rest_route=\/wp\/v2\/pages\/12\/revisions\/2415"}],"wp:attachment":[{"href":"http:\/\/jaegerverein-safien.ch\/index.php?rest_route=%2Fwp%2Fv2%2Fmedia&parent=12"}],"curies":[{"name":"wp","href":"https:\/\/api.w.org\/{rel}","templated":true}]}}