{"id":1259,"date":"2018-08-01T15:06:32","date_gmt":"2018-08-01T15:06:32","guid":{"rendered":"http:\/\/wp.jaegerverein-safien.ch\/?page_id=1259"},"modified":"2020-01-28T19:29:12","modified_gmt":"2020-01-28T19:29:12","slug":"oeffentlichkeitsarbeit","status":"publish","type":"page","link":"http:\/\/jaegerverein-safien.ch\/?page_id=1259","title":{"rendered":"\u00d6ffentlichkeitsarbeit"},"content":{"rendered":"\n<p> Stand J\u00e4gerverein Safien am Thaler M\u00e4rt 2019<\/p>\n\n\n\n<figure class=\"wp-block-gallery columns-1 is-cropped wp-block-gallery-1 is-layout-flex wp-block-gallery-is-layout-flex\"><ul class=\"blocks-gallery-grid\"><li class=\"blocks-gallery-item\"><figure><img loading=\"lazy\" decoding=\"async\" width=\"1024\" height=\"768\" src=\"http:\/\/jaegerverein-safien.ch\/wp-content\/uploads\/2020\/01\/IMG_0445-1024x768.jpg\" alt=\"\" data-id=\"2258\" data-full-url=\"http:\/\/jaegerverein-safien.ch\/wp-content\/uploads\/2020\/01\/IMG_0445-scaled.jpg\" data-link=\"http:\/\/jaegerverein-safien.ch\/?attachment_id=2258\" class=\"wp-image-2258\" srcset=\"http:\/\/jaegerverein-safien.ch\/wp-content\/uploads\/2020\/01\/IMG_0445-1024x768.jpg 1024w, http:\/\/jaegerverein-safien.ch\/wp-content\/uploads\/2020\/01\/IMG_0445-300x225.jpg 300w, http:\/\/jaegerverein-safien.ch\/wp-content\/uploads\/2020\/01\/IMG_0445-768x576.jpg 768w, http:\/\/jaegerverein-safien.ch\/wp-content\/uploads\/2020\/01\/IMG_0445-1536x1152.jpg 1536w, http:\/\/jaegerverein-safien.ch\/wp-content\/uploads\/2020\/01\/IMG_0445-2048x1536.jpg 2048w\" sizes=\"auto, (max-width: 767px) 89vw, (max-width: 1000px) 54vw, (max-width: 1071px) 543px, 580px\" \/><\/figure><\/li><li class=\"blocks-gallery-item\"><figure><img loading=\"lazy\" decoding=\"async\" width=\"768\" height=\"1024\" src=\"http:\/\/jaegerverein-safien.ch\/wp-content\/uploads\/2020\/01\/IMG_0446-768x1024.jpg\" alt=\"\" data-id=\"2259\" data-full-url=\"http:\/\/jaegerverein-safien.ch\/wp-content\/uploads\/2020\/01\/IMG_0446-scaled.jpg\" data-link=\"http:\/\/jaegerverein-safien.ch\/?attachment_id=2259\" class=\"wp-image-2259\" srcset=\"http:\/\/jaegerverein-safien.ch\/wp-content\/uploads\/2020\/01\/IMG_0446-768x1024.jpg 768w, http:\/\/jaegerverein-safien.ch\/wp-content\/uploads\/2020\/01\/IMG_0446-225x300.jpg 225w, http:\/\/jaegerverein-safien.ch\/wp-content\/uploads\/2020\/01\/IMG_0446-1152x1536.jpg 1152w, http:\/\/jaegerverein-safien.ch\/wp-content\/uploads\/2020\/01\/IMG_0446-1536x2048.jpg 1536w, http:\/\/jaegerverein-safien.ch\/wp-content\/uploads\/2020\/01\/IMG_0446-scaled.jpg 1920w\" sizes=\"auto, (max-width: 767px) 89vw, (max-width: 1000px) 54vw, (max-width: 1071px) 543px, 580px\" \/><\/figure><\/li><li class=\"blocks-gallery-item\"><figure><img loading=\"lazy\" decoding=\"async\" width=\"1024\" height=\"768\" src=\"http:\/\/jaegerverein-safien.ch\/wp-content\/uploads\/2020\/01\/IMG_0448-1024x768.jpg\" alt=\"\" data-id=\"2260\" data-full-url=\"http:\/\/jaegerverein-safien.ch\/wp-content\/uploads\/2020\/01\/IMG_0448-scaled.jpg\" data-link=\"http:\/\/jaegerverein-safien.ch\/?attachment_id=2260\" class=\"wp-image-2260\" srcset=\"http:\/\/jaegerverein-safien.ch\/wp-content\/uploads\/2020\/01\/IMG_0448-1024x768.jpg 1024w, http:\/\/jaegerverein-safien.ch\/wp-content\/uploads\/2020\/01\/IMG_0448-300x225.jpg 300w, http:\/\/jaegerverein-safien.ch\/wp-content\/uploads\/2020\/01\/IMG_0448-768x576.jpg 768w, http:\/\/jaegerverein-safien.ch\/wp-content\/uploads\/2020\/01\/IMG_0448-1536x1152.jpg 1536w, http:\/\/jaegerverein-safien.ch\/wp-content\/uploads\/2020\/01\/IMG_0448-2048x1536.jpg 2048w\" sizes=\"auto, (max-width: 767px) 89vw, (max-width: 1000px) 54vw, (max-width: 1071px) 543px, 580px\" \/><\/figure><\/li><li class=\"blocks-gallery-item\"><figure><img loading=\"lazy\" decoding=\"async\" width=\"1024\" height=\"768\" src=\"http:\/\/jaegerverein-safien.ch\/wp-content\/uploads\/2020\/01\/IMG_0450-1024x768.jpg\" alt=\"\" data-id=\"2261\" data-full-url=\"http:\/\/jaegerverein-safien.ch\/wp-content\/uploads\/2020\/01\/IMG_0450-scaled.jpg\" data-link=\"http:\/\/jaegerverein-safien.ch\/?attachment_id=2261\" class=\"wp-image-2261\" srcset=\"http:\/\/jaegerverein-safien.ch\/wp-content\/uploads\/2020\/01\/IMG_0450-1024x768.jpg 1024w, http:\/\/jaegerverein-safien.ch\/wp-content\/uploads\/2020\/01\/IMG_0450-300x225.jpg 300w, http:\/\/jaegerverein-safien.ch\/wp-content\/uploads\/2020\/01\/IMG_0450-768x576.jpg 768w, http:\/\/jaegerverein-safien.ch\/wp-content\/uploads\/2020\/01\/IMG_0450-1536x1152.jpg 1536w, http:\/\/jaegerverein-safien.ch\/wp-content\/uploads\/2020\/01\/IMG_0450-2048x1536.jpg 2048w\" sizes=\"auto, (max-width: 767px) 89vw, (max-width: 1000px) 54vw, (max-width: 1071px) 543px, 580px\" \/><\/figure><\/li><\/ul><\/figure>\n\n\n\n<p>Stand J\u00e4gerverein Safien am Thaler M\u00e4rt 2018<\/p>\n\n\n<p><img loading=\"lazy\" decoding=\"async\" class=\"alignnone wp-image-1472 size-large\" src=\"http:\/\/jaegerverein-safien.ch\/wp-content\/uploads\/2018\/08\/IMG_0499-1024x768.jpg\" alt=\"\" width=\"525\" height=\"394\" srcset=\"http:\/\/jaegerverein-safien.ch\/wp-content\/uploads\/2018\/08\/IMG_0499-1024x768.jpg 1024w, http:\/\/jaegerverein-safien.ch\/wp-content\/uploads\/2018\/08\/IMG_0499-300x225.jpg 300w, http:\/\/jaegerverein-safien.ch\/wp-content\/uploads\/2018\/08\/IMG_0499-768x576.jpg 768w, http:\/\/jaegerverein-safien.ch\/wp-content\/uploads\/2018\/08\/IMG_0499-945x709.jpg 945w, http:\/\/jaegerverein-safien.ch\/wp-content\/uploads\/2018\/08\/IMG_0499-600x450.jpg 600w\" sizes=\"auto, (max-width: 525px) 100vw, 525px\" \/> <img loading=\"lazy\" decoding=\"async\" class=\"alignnone wp-image-1471 size-large\" src=\"http:\/\/jaegerverein-safien.ch\/wp-content\/uploads\/2018\/08\/IMG_0498-768x1024.jpg\" alt=\"\" width=\"525\" height=\"700\" srcset=\"http:\/\/jaegerverein-safien.ch\/wp-content\/uploads\/2018\/08\/IMG_0498-768x1024.jpg 768w, http:\/\/jaegerverein-safien.ch\/wp-content\/uploads\/2018\/08\/IMG_0498-225x300.jpg 225w, http:\/\/jaegerverein-safien.ch\/wp-content\/uploads\/2018\/08\/IMG_0498-945x1260.jpg 945w, http:\/\/jaegerverein-safien.ch\/wp-content\/uploads\/2018\/08\/IMG_0498-600x800.jpg 600w\" sizes=\"auto, (max-width: 525px) 100vw, 525px\" \/> <img loading=\"lazy\" decoding=\"async\" class=\"alignnone wp-image-1470 size-large\" src=\"http:\/\/jaegerverein-safien.ch\/wp-content\/uploads\/2018\/08\/IMG_0497-1024x768.jpg\" alt=\"\" width=\"525\" height=\"394\" srcset=\"http:\/\/jaegerverein-safien.ch\/wp-content\/uploads\/2018\/08\/IMG_0497-1024x768.jpg 1024w, http:\/\/jaegerverein-safien.ch\/wp-content\/uploads\/2018\/08\/IMG_0497-300x225.jpg 300w, http:\/\/jaegerverein-safien.ch\/wp-content\/uploads\/2018\/08\/IMG_0497-768x576.jpg 768w, http:\/\/jaegerverein-safien.ch\/wp-content\/uploads\/2018\/08\/IMG_0497-945x709.jpg 945w, http:\/\/jaegerverein-safien.ch\/wp-content\/uploads\/2018\/08\/IMG_0497-600x450.jpg 600w\" sizes=\"auto, (max-width: 525px) 100vw, 525px\" \/> <img loading=\"lazy\" decoding=\"async\" class=\"alignnone wp-image-1469 size-large\" src=\"http:\/\/jaegerverein-safien.ch\/wp-content\/uploads\/2018\/08\/IMG_0496-768x1024.jpg\" alt=\"\" width=\"525\" height=\"700\" srcset=\"http:\/\/jaegerverein-safien.ch\/wp-content\/uploads\/2018\/08\/IMG_0496-768x1024.jpg 768w, http:\/\/jaegerverein-safien.ch\/wp-content\/uploads\/2018\/08\/IMG_0496-225x300.jpg 225w, http:\/\/jaegerverein-safien.ch\/wp-content\/uploads\/2018\/08\/IMG_0496-945x1260.jpg 945w, http:\/\/jaegerverein-safien.ch\/wp-content\/uploads\/2018\/08\/IMG_0496-600x800.jpg 600w\" sizes=\"auto, (max-width: 525px) 100vw, 525px\" \/><img loading=\"lazy\" decoding=\"async\" class=\"alignnone wp-image-1270 size-large\" src=\"http:\/\/jaegerverein-safien.ch\/wp-content\/uploads\/2018\/08\/8-e1580202797165-768x1024.jpg\" alt=\"\" width=\"525\" height=\"700\" srcset=\"http:\/\/jaegerverein-safien.ch\/wp-content\/uploads\/2018\/08\/8-e1580202797165-768x1024.jpg 768w, http:\/\/jaegerverein-safien.ch\/wp-content\/uploads\/2018\/08\/8-e1580202797165-225x300.jpg 225w, http:\/\/jaegerverein-safien.ch\/wp-content\/uploads\/2018\/08\/8-e1580202797165-1152x1536.jpg 1152w, http:\/\/jaegerverein-safien.ch\/wp-content\/uploads\/2018\/08\/8-e1580202797165-1536x2048.jpg 1536w\" sizes=\"auto, (max-width: 525px) 100vw, 525px\" \/> <img loading=\"lazy\" decoding=\"async\" class=\"alignnone wp-image-1269 size-large\" src=\"http:\/\/jaegerverein-safien.ch\/wp-content\/uploads\/2018\/08\/3-1024x768.jpg\" alt=\"\" width=\"525\" height=\"394\" srcset=\"http:\/\/jaegerverein-safien.ch\/wp-content\/uploads\/2018\/08\/3-1024x768.jpg 1024w, http:\/\/jaegerverein-safien.ch\/wp-content\/uploads\/2018\/08\/3-300x225.jpg 300w, http:\/\/jaegerverein-safien.ch\/wp-content\/uploads\/2018\/08\/3-768x576.jpg 768w, http:\/\/jaegerverein-safien.ch\/wp-content\/uploads\/2018\/08\/3-945x709.jpg 945w, http:\/\/jaegerverein-safien.ch\/wp-content\/uploads\/2018\/08\/3-600x450.jpg 600w\" sizes=\"auto, (max-width: 525px) 100vw, 525px\" \/> <img loading=\"lazy\" decoding=\"async\" class=\"alignnone wp-image-1268 size-large\" src=\"http:\/\/jaegerverein-safien.ch\/wp-content\/uploads\/2018\/08\/2-1024x768.jpg\" alt=\"\" width=\"525\" height=\"394\" srcset=\"http:\/\/jaegerverein-safien.ch\/wp-content\/uploads\/2018\/08\/2-1024x768.jpg 1024w, http:\/\/jaegerverein-safien.ch\/wp-content\/uploads\/2018\/08\/2-300x225.jpg 300w, http:\/\/jaegerverein-safien.ch\/wp-content\/uploads\/2018\/08\/2-768x576.jpg 768w, http:\/\/jaegerverein-safien.ch\/wp-content\/uploads\/2018\/08\/2-945x709.jpg 945w, http:\/\/jaegerverein-safien.ch\/wp-content\/uploads\/2018\/08\/2-600x450.jpg 600w\" sizes=\"auto, (max-width: 525px) 100vw, 525px\" \/><img loading=\"lazy\" decoding=\"async\" class=\"alignnone wp-image-1266 size-large\" src=\"http:\/\/jaegerverein-safien.ch\/wp-content\/uploads\/2018\/08\/7-1024x768.jpg\" alt=\"\" width=\"525\" height=\"394\" srcset=\"http:\/\/jaegerverein-safien.ch\/wp-content\/uploads\/2018\/08\/7-1024x768.jpg 1024w, http:\/\/jaegerverein-safien.ch\/wp-content\/uploads\/2018\/08\/7-300x225.jpg 300w, http:\/\/jaegerverein-safien.ch\/wp-content\/uploads\/2018\/08\/7-768x576.jpg 768w, http:\/\/jaegerverein-safien.ch\/wp-content\/uploads\/2018\/08\/7-945x709.jpg 945w, http:\/\/jaegerverein-safien.ch\/wp-content\/uploads\/2018\/08\/7-600x450.jpg 600w\" sizes=\"auto, (max-width: 525px) 100vw, 525px\" \/> <img loading=\"lazy\" decoding=\"async\" class=\"alignnone wp-image-1265 size-large\" src=\"http:\/\/jaegerverein-safien.ch\/wp-content\/uploads\/2018\/08\/6-e1580202877121-768x1024.jpg\" alt=\"\" width=\"525\" height=\"700\" srcset=\"http:\/\/jaegerverein-safien.ch\/wp-content\/uploads\/2018\/08\/6-e1580202877121-768x1024.jpg 768w, http:\/\/jaegerverein-safien.ch\/wp-content\/uploads\/2018\/08\/6-e1580202877121-225x300.jpg 225w, http:\/\/jaegerverein-safien.ch\/wp-content\/uploads\/2018\/08\/6-e1580202877121-1152x1536.jpg 1152w, http:\/\/jaegerverein-safien.ch\/wp-content\/uploads\/2018\/08\/6-e1580202877121-1536x2048.jpg 1536w\" sizes=\"auto, (max-width: 525px) 100vw, 525px\" \/> <img loading=\"lazy\" decoding=\"async\" class=\"alignnone wp-image-1264 size-large\" src=\"http:\/\/jaegerverein-safien.ch\/wp-content\/uploads\/2018\/08\/5-1024x768.jpg\" alt=\"\" width=\"525\" height=\"394\" srcset=\"http:\/\/jaegerverein-safien.ch\/wp-content\/uploads\/2018\/08\/5-1024x768.jpg 1024w, http:\/\/jaegerverein-safien.ch\/wp-content\/uploads\/2018\/08\/5-300x225.jpg 300w, http:\/\/jaegerverein-safien.ch\/wp-content\/uploads\/2018\/08\/5-768x576.jpg 768w, http:\/\/jaegerverein-safien.ch\/wp-content\/uploads\/2018\/08\/5-945x709.jpg 945w, http:\/\/jaegerverein-safien.ch\/wp-content\/uploads\/2018\/08\/5-600x450.jpg 600w\" sizes=\"auto, (max-width: 525px) 100vw, 525px\" \/> <img loading=\"lazy\" decoding=\"async\" class=\"alignnone wp-image-1263 size-large\" src=\"http:\/\/jaegerverein-safien.ch\/wp-content\/uploads\/2018\/08\/4-e1580202891254-768x1024.jpg\" alt=\"\" width=\"525\" height=\"700\" srcset=\"http:\/\/jaegerverein-safien.ch\/wp-content\/uploads\/2018\/08\/4-e1580202891254-768x1024.jpg 768w, http:\/\/jaegerverein-safien.ch\/wp-content\/uploads\/2018\/08\/4-e1580202891254-225x300.jpg 225w, http:\/\/jaegerverein-safien.ch\/wp-content\/uploads\/2018\/08\/4-e1580202891254-1152x1536.jpg 1152w, http:\/\/jaegerverein-safien.ch\/wp-content\/uploads\/2018\/08\/4-e1580202891254-1536x2048.jpg 1536w\" sizes=\"auto, (max-width: 525px) 100vw, 525px\" \/> <img loading=\"lazy\" decoding=\"async\" class=\"alignnone wp-image-1262 size-large\" src=\"http:\/\/jaegerverein-safien.ch\/wp-content\/uploads\/2018\/08\/1-1024x768.jpg\" alt=\"\" width=\"525\" height=\"394\" srcset=\"http:\/\/jaegerverein-safien.ch\/wp-content\/uploads\/2018\/08\/1-1024x768.jpg 1024w, http:\/\/jaegerverein-safien.ch\/wp-content\/uploads\/2018\/08\/1-300x225.jpg 300w, http:\/\/jaegerverein-safien.ch\/wp-content\/uploads\/2018\/08\/1-768x576.jpg 768w, http:\/\/jaegerverein-safien.ch\/wp-content\/uploads\/2018\/08\/1-945x709.jpg 945w, http:\/\/jaegerverein-safien.ch\/wp-content\/uploads\/2018\/08\/1-600x450.jpg 600w\" sizes=\"auto, (max-width: 525px) 100vw, 525px\" \/><\/p>","protected":false},"excerpt":{"rendered":"<p>Stand J\u00e4gerverein Safien am Thaler M\u00e4rt 2019 Stand J\u00e4gerverein Safien am Thaler M\u00e4rt 2018<\/p>\n","protected":false},"author":2,"featured_media":0,"parent":0,"menu_order":0,"comment_status":"closed","ping_status":"closed","template":"","meta":{"footnotes":""},"class_list":["post-1259","page","type-page","status-publish","hentry"],"_links":{"self":[{"href":"http:\/\/jaegerverein-safien.ch\/index.php?rest_route=\/wp\/v2\/pages\/1259","targetHints":{"allow":["GET"]}}],"collection":[{"href":"http:\/\/jaegerverein-safien.ch\/index.php?rest_route=\/wp\/v2\/pages"}],"about":[{"href":"http:\/\/jaegerverein-safien.ch\/index.php?rest_route=\/wp\/v2\/types\/page"}],"author":[{"embeddable":true,"href":"http:\/\/jaegerverein-safien.ch\/index.php?rest_route=\/wp\/v2\/users\/2"}],"replies":[{"embeddable":true,"href":"http:\/\/jaegerverein-safien.ch\/index.php?rest_route=%2Fwp%2Fv2%2Fcomments&post=1259"}],"version-history":[{"count":6,"href":"http:\/\/jaegerverein-safien.ch\/index.php?rest_route=\/wp\/v2\/pages\/1259\/revisions"}],"predecessor-version":[{"id":2262,"href":"http:\/\/jaegerverein-safien.ch\/index.php?rest_route=\/wp\/v2\/pages\/1259\/revisions\/2262"}],"wp:attachment":[{"href":"http:\/\/jaegerverein-safien.ch\/index.php?rest_route=%2Fwp%2Fv2%2Fmedia&parent=1259"}],"curies":[{"name":"wp","href":"https:\/\/api.w.org\/{rel}","templated":true}]}}