{"id":163,"date":"2018-07-21T09:28:21","date_gmt":"2018-07-21T09:28:21","guid":{"rendered":"http:\/\/wp.jaegerverein-safien.ch\/?page_id=163"},"modified":"2020-06-16T13:03:16","modified_gmt":"2020-06-16T13:03:16","slug":"hegeobjekte","status":"publish","type":"page","link":"http:\/\/jaegerverein-safien.ch\/?page_id=163","title":{"rendered":"Hege"},"content":{"rendered":"\n<figure class=\"wp-block-gallery columns-2 is-cropped wp-block-gallery-1 is-layout-flex wp-block-gallery-is-layout-flex\"><ul class=\"blocks-gallery-grid\"><li class=\"blocks-gallery-item\"><figure><img loading=\"lazy\" decoding=\"async\" width=\"800\" height=\"533\" src=\"http:\/\/jaegerverein-safien.ch\/wp-content\/uploads\/2020\/06\/0010-0093.jpg\" alt=\"\" data-id=\"2686\" data-full-url=\"http:\/\/jaegerverein-safien.ch\/wp-content\/uploads\/2020\/06\/0010-0093.jpg\" data-link=\"http:\/\/jaegerverein-safien.ch\/?attachment_id=2686\" class=\"wp-image-2686\" srcset=\"http:\/\/jaegerverein-safien.ch\/wp-content\/uploads\/2020\/06\/0010-0093.jpg 800w, http:\/\/jaegerverein-safien.ch\/wp-content\/uploads\/2020\/06\/0010-0093-300x200.jpg 300w, http:\/\/jaegerverein-safien.ch\/wp-content\/uploads\/2020\/06\/0010-0093-768x512.jpg 768w\" sizes=\"auto, (max-width: 767px) 89vw, (max-width: 1000px) 54vw, (max-width: 1071px) 543px, 580px\" \/><\/figure><\/li><li class=\"blocks-gallery-item\"><figure><img loading=\"lazy\" decoding=\"async\" width=\"800\" height=\"533\" src=\"http:\/\/jaegerverein-safien.ch\/wp-content\/uploads\/2020\/06\/0013-0139.jpg\" alt=\"\" data-id=\"2687\" data-full-url=\"http:\/\/jaegerverein-safien.ch\/wp-content\/uploads\/2020\/06\/0013-0139.jpg\" data-link=\"http:\/\/jaegerverein-safien.ch\/?attachment_id=2687\" class=\"wp-image-2687\" srcset=\"http:\/\/jaegerverein-safien.ch\/wp-content\/uploads\/2020\/06\/0013-0139.jpg 800w, http:\/\/jaegerverein-safien.ch\/wp-content\/uploads\/2020\/06\/0013-0139-300x200.jpg 300w, http:\/\/jaegerverein-safien.ch\/wp-content\/uploads\/2020\/06\/0013-0139-768x512.jpg 768w\" sizes=\"auto, (max-width: 767px) 89vw, (max-width: 1000px) 54vw, (max-width: 1071px) 543px, 580px\" \/><\/figure><\/li><li class=\"blocks-gallery-item\"><figure><img loading=\"lazy\" decoding=\"async\" width=\"1024\" height=\"768\" src=\"http:\/\/jaegerverein-safien.ch\/wp-content\/uploads\/2020\/06\/IMG-20190615-WA0004.jpg\" alt=\"\" data-id=\"2688\" data-full-url=\"http:\/\/jaegerverein-safien.ch\/wp-content\/uploads\/2020\/06\/IMG-20190615-WA0004.jpg\" data-link=\"http:\/\/jaegerverein-safien.ch\/?attachment_id=2688\" class=\"wp-image-2688\" srcset=\"http:\/\/jaegerverein-safien.ch\/wp-content\/uploads\/2020\/06\/IMG-20190615-WA0004.jpg 1024w, http:\/\/jaegerverein-safien.ch\/wp-content\/uploads\/2020\/06\/IMG-20190615-WA0004-300x225.jpg 300w, http:\/\/jaegerverein-safien.ch\/wp-content\/uploads\/2020\/06\/IMG-20190615-WA0004-768x576.jpg 768w\" sizes=\"auto, (max-width: 767px) 89vw, (max-width: 1000px) 54vw, (max-width: 1071px) 543px, 580px\" \/><\/figure><\/li><li class=\"blocks-gallery-item\"><figure><img loading=\"lazy\" decoding=\"async\" width=\"768\" height=\"1024\" src=\"http:\/\/jaegerverein-safien.ch\/wp-content\/uploads\/2020\/06\/IMG-20190627-WA0019.jpg\" alt=\"\" data-id=\"2689\" data-full-url=\"http:\/\/jaegerverein-safien.ch\/wp-content\/uploads\/2020\/06\/IMG-20190627-WA0019.jpg\" data-link=\"http:\/\/jaegerverein-safien.ch\/?attachment_id=2689\" class=\"wp-image-2689\" srcset=\"http:\/\/jaegerverein-safien.ch\/wp-content\/uploads\/2020\/06\/IMG-20190627-WA0019.jpg 768w, http:\/\/jaegerverein-safien.ch\/wp-content\/uploads\/2020\/06\/IMG-20190627-WA0019-225x300.jpg 225w\" sizes=\"auto, (max-width: 767px) 89vw, (max-width: 1000px) 54vw, (max-width: 1071px) 543px, 580px\" \/><\/figure><\/li><\/ul><\/figure>\n\n\n\n<p><strong>Lebensr\u00e4ume f\u00fcr das Wild &#8211; auch dank der Hege<\/strong><\/p>\n\n\n\n<p>Mit der Hege setzen sich die J\u00e4gerinnen und J\u00e4ger f\u00fcr die Erhaltung und Pflege der Wild-Lebensr\u00e4ume ein. Mit \u00f6rtlich und zeitlich begrenzten Ruhezonen und Wegegebote werden unn\u00f6tige und sch\u00e4dliche St\u00f6rungen des Wildes verhindert. Die Hege ist Grundvoraussetzung f\u00fcr die Jagd.<\/p>\n","protected":false},"excerpt":{"rendered":"<p>Lebensr\u00e4ume f\u00fcr das Wild &#8211; auch dank der Hege Mit der Hege setzen sich die J\u00e4gerinnen und J\u00e4ger f\u00fcr die Erhaltung und Pflege der Wild-Lebensr\u00e4ume ein. Mit \u00f6rtlich und zeitlich begrenzten Ruhezonen und Wegegebote werden unn\u00f6tige und sch\u00e4dliche St\u00f6rungen des Wildes verhindert. Die Hege ist Grundvoraussetzung f\u00fcr die Jagd.<\/p>\n","protected":false},"author":2,"featured_media":0,"parent":0,"menu_order":0,"comment_status":"closed","ping_status":"closed","template":"","meta":{"footnotes":""},"class_list":["post-163","page","type-page","status-publish","hentry"],"_links":{"self":[{"href":"http:\/\/jaegerverein-safien.ch\/index.php?rest_route=\/wp\/v2\/pages\/163","targetHints":{"allow":["GET"]}}],"collection":[{"href":"http:\/\/jaegerverein-safien.ch\/index.php?rest_route=\/wp\/v2\/pages"}],"about":[{"href":"http:\/\/jaegerverein-safien.ch\/index.php?rest_route=\/wp\/v2\/types\/page"}],"author":[{"embeddable":true,"href":"http:\/\/jaegerverein-safien.ch\/index.php?rest_route=\/wp\/v2\/users\/2"}],"replies":[{"embeddable":true,"href":"http:\/\/jaegerverein-safien.ch\/index.php?rest_route=%2Fwp%2Fv2%2Fcomments&post=163"}],"version-history":[{"count":9,"href":"http:\/\/jaegerverein-safien.ch\/index.php?rest_route=\/wp\/v2\/pages\/163\/revisions"}],"predecessor-version":[{"id":2690,"href":"http:\/\/jaegerverein-safien.ch\/index.php?rest_route=\/wp\/v2\/pages\/163\/revisions\/2690"}],"wp:attachment":[{"href":"http:\/\/jaegerverein-safien.ch\/index.php?rest_route=%2Fwp%2Fv2%2Fmedia&parent=163"}],"curies":[{"name":"wp","href":"https:\/\/api.w.org\/{rel}","templated":true}]}}