{"id":2148,"date":"2020-01-28T10:35:54","date_gmt":"2020-01-28T10:35:54","guid":{"rendered":"http:\/\/jaegerverein-safien.ch\/?page_id=2148"},"modified":"2020-01-28T10:38:18","modified_gmt":"2020-01-28T10:38:18","slug":"impressum","status":"publish","type":"page","link":"http:\/\/jaegerverein-safien.ch\/?page_id=2148","title":{"rendered":"Impressum"},"content":{"rendered":"\n<p>Disclaimer \/\u00a0Haftungsausschluss<br>Der J\u00e4gerverein Safien\u00a0\u00fcbernimmt keine Gew\u00e4hrleistung f\u00fcr Aktualit\u00e4t, Korrektheit, Vollst\u00e4ndigkeit und Qualit\u00e4t der bereitgestellten Informationen.\u00a0Der J\u00e4gerverein Safien beh\u00e4lt sich ausdr\u00fccklich vor, die Informationen jederzeit und ohne vorherige Ank\u00fcndigung zu ver\u00e4ndern.<\/p>\n\n\n\n<p>In keinem Fall haftet der J\u00e4gerverein Safien f\u00fcr Verluste oder Sch\u00e4den materieller oder immaterieller Art, die sich aus oder im Zusammenhang mit der Nutzung oder Nichtnutzung der angebotenen Informationen bzw. durch die Nutzung fehlerhafter oder unvollst\u00e4ndiger Informationen entstehen k\u00f6nnen. Der J\u00e4gerverein Safien beh\u00e4lt sich ausdr\u00fccklich vor, jederzeit ohne Ank\u00fcndigung ganz oder teilweise zu \u00e4ndern, zu l\u00f6schen oder zeitweise nicht zu ver\u00f6ffentlichen.<\/p>\n\n\n\n<p>Der J\u00e4gerverein Safien hat fremde, d.h. nicht auf ihrem Servern oder Einflussbereich liegende Websites, die mit dieser Website \u00fcber Verkn\u00fcpfungen (Hyperlinks) allenfalls verbunden sind, nicht \u00fcberpr\u00fcft und \u00fcbernimmt keine Verantwortung f\u00fcr\u00a0deren Inhalte, die darauf angebotenen Produkte, Dienstleistungen oder sonstigen Angebote.<\/p>\n","protected":false},"excerpt":{"rendered":"<p>Disclaimer \/\u00a0HaftungsausschlussDer J\u00e4gerverein Safien\u00a0\u00fcbernimmt keine Gew\u00e4hrleistung f\u00fcr Aktualit\u00e4t, Korrektheit, Vollst\u00e4ndigkeit und Qualit\u00e4t der bereitgestellten Informationen.\u00a0Der J\u00e4gerverein Safien beh\u00e4lt sich ausdr\u00fccklich vor, die Informationen jederzeit und ohne vorherige Ank\u00fcndigung zu ver\u00e4ndern. In keinem Fall haftet der J\u00e4gerverein Safien f\u00fcr Verluste oder Sch\u00e4den materieller oder immaterieller Art, die sich aus oder im Zusammenhang mit der Nutzung oder &hellip; <\/p>\n<p class=\"link-more\"><a href=\"http:\/\/jaegerverein-safien.ch\/?page_id=2148\" class=\"more-link\"><span class=\"screen-reader-text\">\u201eImpressum\u201c<\/span> weiterlesen<\/a><\/p>\n","protected":false},"author":2,"featured_media":0,"parent":0,"menu_order":0,"comment_status":"closed","ping_status":"closed","template":"","meta":{"footnotes":""},"class_list":["post-2148","page","type-page","status-publish","hentry"],"_links":{"self":[{"href":"http:\/\/jaegerverein-safien.ch\/index.php?rest_route=\/wp\/v2\/pages\/2148","targetHints":{"allow":["GET"]}}],"collection":[{"href":"http:\/\/jaegerverein-safien.ch\/index.php?rest_route=\/wp\/v2\/pages"}],"about":[{"href":"http:\/\/jaegerverein-safien.ch\/index.php?rest_route=\/wp\/v2\/types\/page"}],"author":[{"embeddable":true,"href":"http:\/\/jaegerverein-safien.ch\/index.php?rest_route=\/wp\/v2\/users\/2"}],"replies":[{"embeddable":true,"href":"http:\/\/jaegerverein-safien.ch\/index.php?rest_route=%2Fwp%2Fv2%2Fcomments&post=2148"}],"version-history":[{"count":2,"href":"http:\/\/jaegerverein-safien.ch\/index.php?rest_route=\/wp\/v2\/pages\/2148\/revisions"}],"predecessor-version":[{"id":2152,"href":"http:\/\/jaegerverein-safien.ch\/index.php?rest_route=\/wp\/v2\/pages\/2148\/revisions\/2152"}],"wp:attachment":[{"href":"http:\/\/jaegerverein-safien.ch\/index.php?rest_route=%2Fwp%2Fv2%2Fmedia&parent=2148"}],"curies":[{"name":"wp","href":"https:\/\/api.w.org\/{rel}","templated":true}]}}